{"id":23,"date":"2011-09-29T21:18:21","date_gmt":"2011-09-29T21:18:21","guid":{"rendered":"http:\/\/www.valtechnologie.com\/blogtest\/?page_id=23"},"modified":"2020-05-15T09:57:08","modified_gmt":"2020-05-15T13:57:08","slug":"val-technologie","status":"publish","type":"page","link":"https:\/\/www.valtechnologie.com\/wp\/","title":{"rendered":"Accueil"},"content":{"rendered":"<h1 style=\"text-align: center;\">Support<\/h1>\n<div>\u00a0<a href=\"https:\/\/download.anydesk.com\/AnyDesk.exe\"><img loading=\"lazy\" decoding=\"async\" class=\"aligncenter wp-image-1123 size-full\" src=\"data:image\/gif;base64,R0lGODdhAQABAPAAAP\/\/\/wAAACwAAAAAAQABAEACAkQBADs=\" data-lazy-src=\"http:\/\/www.valtechnologie.com\/wp\/wp-content\/uploads\/2020\/05\/anydesk.png\" alt=\"\" width=\"300\" height=\"56\" \/><noscript><img loading=\"lazy\" decoding=\"async\" class=\"aligncenter wp-image-1123 size-full\" src=\"http:\/\/www.valtechnologie.com\/wp\/wp-content\/uploads\/2020\/05\/anydesk.png\" alt=\"\" width=\"300\" height=\"56\" \/><\/noscript><\/a><\/div>\n<div><\/div>\n<div><\/div>\n<div>\n<hr \/>\n<\/div>\n<div id=\"slider_test\"><span style=\"color: #000000; font-weight: bold;\">Service informatique pour entreprise et particulier<\/span><\/div>\n<div>\n<p style=\"text-align: left;\"><a href=\"http:\/\/www.valtechnologie.com\/wp\/wp-content\/uploads\/2015\/11\/woman1.jpg\"><img loading=\"lazy\" decoding=\"async\" class=\"size-full wp-image-1108 alignleft\" src=\"data:image\/gif;base64,R0lGODdhAQABAPAAAP\/\/\/wAAACwAAAAAAQABAEACAkQBADs=\" data-lazy-src=\"http:\/\/www.valtechnologie.com\/wp\/wp-content\/uploads\/2015\/11\/woman1.jpg\" alt=\"woman1\" width=\"165\" height=\"220\" \/><noscript><img loading=\"lazy\" decoding=\"async\" class=\"size-full wp-image-1108 alignleft\" src=\"http:\/\/www.valtechnologie.com\/wp\/wp-content\/uploads\/2015\/11\/woman1.jpg\" alt=\"woman1\" width=\"165\" height=\"220\" \/><\/noscript><\/a>Chez VAL TECHNOLOGIE, nous aimons les d\u00e9fis technologiques, quels qu&rsquo;ils soient. Nous apportons des solutions robustes pour les r\u00e9seaux en entreprise. Notre force r\u00e9side dans la grande vari\u00e9t\u00e9 des services que nous proposons.<\/p>\n<p style=\"text-align: left;\">Nos\u00a0<a title=\"Particulier\" href=\"http:\/\/www.valtechnologie.com\/wp\/?page_id=38\">services informatiques pour les particuliers<\/a>\u00a0sont disponibles pour r\u00e9soudre la plupart des difficult\u00e9s<\/p>\n<p style=\"text-align: left;\">Nous proposons \u00e9galement des solutions pour le\u00a0<a title=\"Educationnel\" href=\"http:\/\/www.valtechnologie.com\/wp\/?page_id=36\">domaine de l&rsquo;\u00e9ducation<\/a>, tels que les commissions scolaires ou autres \u00e9tablissement orient\u00e9s vers l&rsquo;apprentissage.<\/p>\n<p style=\"text-align: left;\">Laissez-nous vous d\u00e9montrer notre rapidit\u00e9 et notre efficacit\u00e9. Nos techniciens certifi\u00e9s sauront vous amener une tranquillit\u00e9 d&rsquo;esprit dans vos op\u00e9rations.\u00a0<em>Concentrez-vous sur vos AFFAIRES!<\/em><\/p>\n<\/div>\n<h2>Notre \u00e9quipe<\/h2>\n<p style=\"text-align: center;\">Voici une partie de l&rsquo;\u00e9quipe de Val Technologie<\/p>\n<p><a href=\"http:\/\/www.valtechnologie.com\/wp\/wp-content\/uploads\/2015\/11\/equipe_vt.jpg\"><img loading=\"lazy\" decoding=\"async\" class=\"size-full wp-image-1111 aligncenter\" src=\"data:image\/gif;base64,R0lGODdhAQABAPAAAP\/\/\/wAAACwAAAAAAQABAEACAkQBADs=\" data-lazy-src=\"http:\/\/www.valtechnologie.com\/wp\/wp-content\/uploads\/2015\/11\/equipe_vt.jpg\" alt=\"equipe_vt\" width=\"400\" height=\"240\" data-lazy-srcset=\"https:\/\/www.valtechnologie.com\/wp\/wp-content\/uploads\/2015\/11\/equipe_vt.jpg 400w, https:\/\/www.valtechnologie.com\/wp\/wp-content\/uploads\/2015\/11\/equipe_vt-300x180.jpg 300w\" data-lazy-sizes=\"(max-width: 400px) 100vw, 400px\" \/><noscript><img loading=\"lazy\" decoding=\"async\" class=\"size-full wp-image-1111 aligncenter\" src=\"http:\/\/www.valtechnologie.com\/wp\/wp-content\/uploads\/2015\/11\/equipe_vt.jpg\" alt=\"equipe_vt\" width=\"400\" height=\"240\" srcset=\"https:\/\/www.valtechnologie.com\/wp\/wp-content\/uploads\/2015\/11\/equipe_vt.jpg 400w, https:\/\/www.valtechnologie.com\/wp\/wp-content\/uploads\/2015\/11\/equipe_vt-300x180.jpg 300w\" sizes=\"(max-width: 400px) 100vw, 400px\" \/><\/noscript><\/a><\/p>\n","protected":false},"excerpt":{"rendered":"<p>Support \u00a0 Service informatique pour entreprise et particulier Chez VAL TECHNOLOGIE, nous aimons les d\u00e9fis technologiques, quels qu&rsquo;ils soient. Nous apportons des solutions robustes pour les r\u00e9seaux en entreprise. Notre force r\u00e9side dans la grande vari\u00e9t\u00e9 des services que nous &hellip; <a href=\"https:\/\/www.valtechnologie.com\/wp\/\">Lire la suite <span class=\"meta-nav\">&rarr;<\/span><\/a><\/p>\n","protected":false},"author":2,"featured_media":0,"parent":0,"menu_order":0,"comment_status":"closed","ping_status":"open","template":"sidebar-page.php","meta":{"_exactmetrics_skip_tracking":false,"_exactmetrics_sitenote_active":false,"_exactmetrics_sitenote_note":"","_exactmetrics_sitenote_category":0,"footnotes":""},"class_list":["post-23","page","type-page","status-publish","hentry"],"yoast_head":"<!-- This site is optimized with the Yoast SEO plugin v23.2 - https:\/\/yoast.com\/wordpress\/plugins\/seo\/ -->\n<title>Service informatique - entreprise et particulier - Val Technologie<\/title>\n<meta name=\"description\" content=\"Service informatique pour entreprises et particuliers. Solutions robustes pour les r\u00e9seaux en entreprise. Support efficace pour les particuliers.\" \/>\n<meta name=\"robots\" content=\"index, follow, max-snippet:-1, max-image-preview:large, max-video-preview:-1\" \/>\n<link rel=\"canonical\" href=\"http:\/\/www.valtechnologie.com\/wp\/\" \/>\n<meta property=\"og:locale\" content=\"fr_FR\" \/>\n<meta property=\"og:type\" content=\"article\" \/>\n<meta property=\"og:title\" content=\"Service informatique - entreprise et particulier - Val Technologie\" \/>\n<meta property=\"og:description\" content=\"Service informatique pour entreprises et particuliers. Solutions robustes pour les r\u00e9seaux en entreprise. Support efficace pour les particuliers.\" \/>\n<meta property=\"og:url\" content=\"http:\/\/www.valtechnologie.com\/wp\/\" \/>\n<meta property=\"og:site_name\" content=\"Val Technologie\" \/>\n<meta property=\"article:modified_time\" content=\"2020-05-15T13:57:08+00:00\" \/>\n<meta property=\"og:image\" content=\"http:\/\/www.valtechnologie.com\/wp\/wp-content\/uploads\/2020\/05\/anydesk.png\" \/>\n<meta name=\"twitter:label1\" content=\"Dur\u00e9e de lecture estim\u00e9e\" \/>\n\t<meta name=\"twitter:data1\" content=\"1 minute\" \/>\n<script type=\"application\/ld+json\" class=\"yoast-schema-graph\">{\"@context\":\"https:\/\/schema.org\",\"@graph\":[{\"@type\":\"WebPage\",\"@id\":\"http:\/\/www.valtechnologie.com\/wp\/\",\"url\":\"http:\/\/www.valtechnologie.com\/wp\/\",\"name\":\"Service informatique - entreprise et particulier - Val Technologie\",\"isPartOf\":{\"@id\":\"http:\/\/www.valtechnologie.com\/wp\/#website\"},\"primaryImageOfPage\":{\"@id\":\"http:\/\/www.valtechnologie.com\/wp\/#primaryimage\"},\"image\":{\"@id\":\"http:\/\/www.valtechnologie.com\/wp\/#primaryimage\"},\"thumbnailUrl\":\"http:\/\/www.valtechnologie.com\/wp\/wp-content\/uploads\/2020\/05\/anydesk.png\",\"datePublished\":\"2011-09-29T21:18:21+00:00\",\"dateModified\":\"2020-05-15T13:57:08+00:00\",\"description\":\"Service informatique pour entreprises et particuliers. Solutions robustes pour les r\u00e9seaux en entreprise. Support efficace pour les particuliers.\",\"breadcrumb\":{\"@id\":\"http:\/\/www.valtechnologie.com\/wp\/#breadcrumb\"},\"inLanguage\":\"fr-FR\",\"potentialAction\":[{\"@type\":\"ReadAction\",\"target\":[\"http:\/\/www.valtechnologie.com\/wp\/\"]}]},{\"@type\":\"ImageObject\",\"inLanguage\":\"fr-FR\",\"@id\":\"http:\/\/www.valtechnologie.com\/wp\/#primaryimage\",\"url\":\"https:\/\/www.valtechnologie.com\/wp\/wp-content\/uploads\/2020\/05\/anydesk.png\",\"contentUrl\":\"https:\/\/www.valtechnologie.com\/wp\/wp-content\/uploads\/2020\/05\/anydesk.png\",\"width\":300,\"height\":56},{\"@type\":\"BreadcrumbList\",\"@id\":\"http:\/\/www.valtechnologie.com\/wp\/#breadcrumb\",\"itemListElement\":[{\"@type\":\"ListItem\",\"position\":1,\"name\":\"Accueil\",\"item\":\"http:\/\/www.valtechnologie.com\/wp\/\"},{\"@type\":\"ListItem\",\"position\":2,\"name\":\"Accueil\"}]},{\"@type\":\"WebSite\",\"@id\":\"http:\/\/www.valtechnologie.com\/wp\/#website\",\"url\":\"http:\/\/www.valtechnologie.com\/wp\/\",\"name\":\"Val Technologie\",\"description\":\"Votre partenaire en technologie de l&#039;informatique\",\"potentialAction\":[{\"@type\":\"SearchAction\",\"target\":{\"@type\":\"EntryPoint\",\"urlTemplate\":\"http:\/\/www.valtechnologie.com\/wp\/?s={search_term_string}\"},\"query-input\":\"required name=search_term_string\"}],\"inLanguage\":\"fr-FR\"}]}<\/script>\n<!-- \/ Yoast SEO plugin. -->","yoast_head_json":{"title":"Service informatique - entreprise et particulier - Val Technologie","description":"Service informatique pour entreprises et particuliers. Solutions robustes pour les r\u00e9seaux en entreprise. Support efficace pour les particuliers.","robots":{"index":"index","follow":"follow","max-snippet":"max-snippet:-1","max-image-preview":"max-image-preview:large","max-video-preview":"max-video-preview:-1"},"canonical":"http:\/\/www.valtechnologie.com\/wp\/","og_locale":"fr_FR","og_type":"article","og_title":"Service informatique - entreprise et particulier - Val Technologie","og_description":"Service informatique pour entreprises et particuliers. Solutions robustes pour les r\u00e9seaux en entreprise. Support efficace pour les particuliers.","og_url":"http:\/\/www.valtechnologie.com\/wp\/","og_site_name":"Val Technologie","article_modified_time":"2020-05-15T13:57:08+00:00","og_image":[{"url":"http:\/\/www.valtechnologie.com\/wp\/wp-content\/uploads\/2020\/05\/anydesk.png"}],"twitter_misc":{"Dur\u00e9e de lecture estim\u00e9e":"1 minute"},"schema":{"@context":"https:\/\/schema.org","@graph":[{"@type":"WebPage","@id":"http:\/\/www.valtechnologie.com\/wp\/","url":"http:\/\/www.valtechnologie.com\/wp\/","name":"Service informatique - entreprise et particulier - Val Technologie","isPartOf":{"@id":"http:\/\/www.valtechnologie.com\/wp\/#website"},"primaryImageOfPage":{"@id":"http:\/\/www.valtechnologie.com\/wp\/#primaryimage"},"image":{"@id":"http:\/\/www.valtechnologie.com\/wp\/#primaryimage"},"thumbnailUrl":"http:\/\/www.valtechnologie.com\/wp\/wp-content\/uploads\/2020\/05\/anydesk.png","datePublished":"2011-09-29T21:18:21+00:00","dateModified":"2020-05-15T13:57:08+00:00","description":"Service informatique pour entreprises et particuliers. Solutions robustes pour les r\u00e9seaux en entreprise. Support efficace pour les particuliers.","breadcrumb":{"@id":"http:\/\/www.valtechnologie.com\/wp\/#breadcrumb"},"inLanguage":"fr-FR","potentialAction":[{"@type":"ReadAction","target":["http:\/\/www.valtechnologie.com\/wp\/"]}]},{"@type":"ImageObject","inLanguage":"fr-FR","@id":"http:\/\/www.valtechnologie.com\/wp\/#primaryimage","url":"https:\/\/www.valtechnologie.com\/wp\/wp-content\/uploads\/2020\/05\/anydesk.png","contentUrl":"https:\/\/www.valtechnologie.com\/wp\/wp-content\/uploads\/2020\/05\/anydesk.png","width":300,"height":56},{"@type":"BreadcrumbList","@id":"http:\/\/www.valtechnologie.com\/wp\/#breadcrumb","itemListElement":[{"@type":"ListItem","position":1,"name":"Accueil","item":"http:\/\/www.valtechnologie.com\/wp\/"},{"@type":"ListItem","position":2,"name":"Accueil"}]},{"@type":"WebSite","@id":"http:\/\/www.valtechnologie.com\/wp\/#website","url":"http:\/\/www.valtechnologie.com\/wp\/","name":"Val Technologie","description":"Votre partenaire en technologie de l&#039;informatique","potentialAction":[{"@type":"SearchAction","target":{"@type":"EntryPoint","urlTemplate":"http:\/\/www.valtechnologie.com\/wp\/?s={search_term_string}"},"query-input":"required name=search_term_string"}],"inLanguage":"fr-FR"}]}},"_links":{"self":[{"href":"https:\/\/www.valtechnologie.com\/wp\/wp-json\/wp\/v2\/pages\/23"}],"collection":[{"href":"https:\/\/www.valtechnologie.com\/wp\/wp-json\/wp\/v2\/pages"}],"about":[{"href":"https:\/\/www.valtechnologie.com\/wp\/wp-json\/wp\/v2\/types\/page"}],"author":[{"embeddable":true,"href":"https:\/\/www.valtechnologie.com\/wp\/wp-json\/wp\/v2\/users\/2"}],"replies":[{"embeddable":true,"href":"https:\/\/www.valtechnologie.com\/wp\/wp-json\/wp\/v2\/comments?post=23"}],"version-history":[{"count":7,"href":"https:\/\/www.valtechnologie.com\/wp\/wp-json\/wp\/v2\/pages\/23\/revisions"}],"predecessor-version":[{"id":1127,"href":"https:\/\/www.valtechnologie.com\/wp\/wp-json\/wp\/v2\/pages\/23\/revisions\/1127"}],"wp:attachment":[{"href":"https:\/\/www.valtechnologie.com\/wp\/wp-json\/wp\/v2\/media?parent=23"}],"curies":[{"name":"wp","href":"https:\/\/api.w.org\/{rel}","templated":true}]}}