{"id":1086,"date":"2015-08-07T14:46:02","date_gmt":"2015-08-07T18:46:02","guid":{"rendered":"http:\/\/www.valtechnologie.com\/wp\/?page_id=1086"},"modified":"2015-08-07T15:01:01","modified_gmt":"2015-08-07T19:01:01","slug":"creer-une-carte-de-visite-virtuelle-ou-vcard","status":"publish","type":"page","link":"https:\/\/www.valtechnologie.com\/wp\/nos-services\/support\/creer-une-carte-de-visite-virtuelle-ou-vcard\/","title":{"rendered":"Cr\u00e9er une carte de visite virtuelle (ou vCard)"},"content":{"rendered":"<p>Les cartes de visite virtuelles sont de plus en plus souvent utilis\u00e9es lors de l&rsquo;\u00e9change d&rsquo;e-mails car elle permettent d&rsquo;enregistrer tr\u00e8s rapidement un nouveau contact sans se tromper sur le nom, l&rsquo;adresse e-mail ou le num\u00e9ro de t\u00e9l\u00e9phone. Voyez comment en r\u00e9aliser une en toute simplicit\u00e9 avec l&rsquo;une des trois m\u00e9thodes suivantes.<\/p>\n<h2>1 &#8211; Avec votre logiciel de messagerie<\/h2>\n<p>La m\u00e9thode la plus simple consiste \u00e0 utiliser votre logiciel de messagerie habituel (ex. Microsoft Outlook, Mozilla Thunderbird etc.). Il vous suffit de cr\u00e9er un nouveau contact ou d&rsquo;utiliser un contact existant, de remplir les champs de votre choix puis de sauvegarder le tout. Ensuite, vous avez la possibilit\u00e9 d&rsquo;enregistrer les donn\u00e9es de ce contact au format de votre choix : s\u00e9lectionnez VCard ou.vcf (ex. Outlook: Fichier &gt; Enregistrer sous).<\/p>\n<h2>2 &#8211; Avec votre t\u00e9l\u00e9phone intelligent<\/h2>\n<p>Si vous avez un t\u00e9l\u00e9phone intelligent, vous pouvez choisir dans le carnet d&rsquo;adresses de joindre un contact \u00e0 un e-mail. S\u00e9lectionnez cette option et envoyez-vous \u00e0 vous-m\u00eame l&rsquo;e-mail accompagn\u00e9 de la pi\u00e8ce jointe. Vous aurez alors la carte de visite du contact au format vCard. Enregistrez-la sur votre ordinateur.<\/p>\n<h2>3 &#8211; Avec votre webmail<\/h2>\n<p>Il est parfois possible depuis un webmail de g\u00e9n\u00e9rer des cartes de visite virtuelles mais elles regroupent souvent les contacts sur un m\u00eame fichier. Passez par l&rsquo;option \u00ab\u00a0exporter les contacts, puis enregistrez le fichier obtenu au format .vcf et ouvrez-le avec le bloc-note. Supprimez tous les contacts qui ne doivent pas appara\u00eetre sur la carte. Votre contact doit \u00eatre encadr\u00e9 par \u00ab\u00a0BEGIN:VCARD\u00a0\u00bb et \u00ab\u00a0END:VCARD\u00a0\u00bb puis enregistrez. Vous devez obtenir un code qui ressemble (en version courte) \u00e0 cela :<\/p>\n<pre>BEGIN:VCARD.\r\nVERSION:3.0.\r\nFN:Monsieur X.\r\nN:X;Monsieur;;;.\r\nEMAIL;TYPE=INTERNET;TYPE=WORK:mr.x@mondomaine.com.\r\nEND:VCARD.\r\n<\/pre>\n<p><a href=\"https:\/\/support.microsoft.com\/fr-fr\/kb\/290840\" target=\"_blank\">Cliquez ici pour la documentation officielle de Microsoft concernant la cr\u00e9ation de vCard \u00e0 partir d&rsquo;Outlook<\/a><\/p>\n","protected":false},"excerpt":{"rendered":"<p>Les cartes de visite virtuelles sont de plus en plus souvent utilis\u00e9es lors de l&rsquo;\u00e9change d&rsquo;e-mails car elle permettent d&rsquo;enregistrer tr\u00e8s rapidement un nouveau contact sans se tromper sur le nom, l&rsquo;adresse e-mail ou le num\u00e9ro de t\u00e9l\u00e9phone. Voyez comment &hellip; <a href=\"https:\/\/www.valtechnologie.com\/wp\/nos-services\/support\/creer-une-carte-de-visite-virtuelle-ou-vcard\/\">Lire la suite <span class=\"meta-nav\">&rarr;<\/span><\/a><\/p>\n","protected":false},"author":6,"featured_media":0,"parent":67,"menu_order":0,"comment_status":"closed","ping_status":"open","template":"","meta":{"_exactmetrics_skip_tracking":false,"_exactmetrics_sitenote_active":false,"_exactmetrics_sitenote_note":"","_exactmetrics_sitenote_category":0,"footnotes":""},"class_list":["post-1086","page","type-page","status-publish","hentry"],"yoast_head":"<!-- This site is optimized with the Yoast SEO plugin v23.2 - https:\/\/yoast.com\/wordpress\/plugins\/seo\/ -->\n<title>Cr\u00e9er une carte de visite virtuelle (ou vCard) - Val Technologie<\/title>\n<meta name=\"robots\" content=\"index, follow, max-snippet:-1, max-image-preview:large, max-video-preview:-1\" \/>\n<link rel=\"canonical\" href=\"https:\/\/www.valtechnologie.com\/wp\/nos-services\/support\/creer-une-carte-de-visite-virtuelle-ou-vcard\/\" \/>\n<meta property=\"og:locale\" content=\"fr_FR\" \/>\n<meta property=\"og:type\" content=\"article\" \/>\n<meta property=\"og:title\" content=\"Cr\u00e9er une carte de visite virtuelle (ou vCard) - Val Technologie\" \/>\n<meta property=\"og:description\" content=\"Les cartes de visite virtuelles sont de plus en plus souvent utilis\u00e9es lors de l&rsquo;\u00e9change d&rsquo;e-mails car elle permettent d&rsquo;enregistrer tr\u00e8s rapidement un nouveau contact sans se tromper sur le nom, l&rsquo;adresse e-mail ou le num\u00e9ro de t\u00e9l\u00e9phone. Voyez comment &hellip; Lire la suite &rarr;\" \/>\n<meta property=\"og:url\" content=\"https:\/\/www.valtechnologie.com\/wp\/nos-services\/support\/creer-une-carte-de-visite-virtuelle-ou-vcard\/\" \/>\n<meta property=\"og:site_name\" content=\"Val Technologie\" \/>\n<meta property=\"article:modified_time\" content=\"2015-08-07T19:01:01+00:00\" \/>\n<meta property=\"og:image\" content=\"https:\/\/www.valtechnologie.com\/wp\/wp-content\/uploads\/2011\/09\/valtechnologie2.gif\" \/>\n\t<meta property=\"og:image:width\" content=\"307\" \/>\n\t<meta property=\"og:image:height\" content=\"78\" \/>\n\t<meta property=\"og:image:type\" content=\"image\/gif\" \/>\n<meta name=\"twitter:label1\" content=\"Dur\u00e9e de lecture estim\u00e9e\" \/>\n\t<meta name=\"twitter:data1\" content=\"2 minutes\" \/>\n<script type=\"application\/ld+json\" class=\"yoast-schema-graph\">{\"@context\":\"https:\/\/schema.org\",\"@graph\":[{\"@type\":\"WebPage\",\"@id\":\"https:\/\/www.valtechnologie.com\/wp\/nos-services\/support\/creer-une-carte-de-visite-virtuelle-ou-vcard\/\",\"url\":\"https:\/\/www.valtechnologie.com\/wp\/nos-services\/support\/creer-une-carte-de-visite-virtuelle-ou-vcard\/\",\"name\":\"Cr\u00e9er une carte de visite virtuelle (ou vCard) - Val Technologie\",\"isPartOf\":{\"@id\":\"http:\/\/www.valtechnologie.com\/wp\/#website\"},\"datePublished\":\"2015-08-07T18:46:02+00:00\",\"dateModified\":\"2015-08-07T19:01:01+00:00\",\"breadcrumb\":{\"@id\":\"https:\/\/www.valtechnologie.com\/wp\/nos-services\/support\/creer-une-carte-de-visite-virtuelle-ou-vcard\/#breadcrumb\"},\"inLanguage\":\"fr-FR\",\"potentialAction\":[{\"@type\":\"ReadAction\",\"target\":[\"https:\/\/www.valtechnologie.com\/wp\/nos-services\/support\/creer-une-carte-de-visite-virtuelle-ou-vcard\/\"]}]},{\"@type\":\"BreadcrumbList\",\"@id\":\"https:\/\/www.valtechnologie.com\/wp\/nos-services\/support\/creer-une-carte-de-visite-virtuelle-ou-vcard\/#breadcrumb\",\"itemListElement\":[{\"@type\":\"ListItem\",\"position\":1,\"name\":\"Accueil\",\"item\":\"http:\/\/www.valtechnologie.com\/wp\/\"},{\"@type\":\"ListItem\",\"position\":2,\"name\":\"Nos Services\",\"item\":\"https:\/\/www.valtechnologie.com\/wp\/nos-services\/\"},{\"@type\":\"ListItem\",\"position\":3,\"name\":\"Support\",\"item\":\"https:\/\/www.valtechnologie.com\/wp\/nos-services\/support\/\"},{\"@type\":\"ListItem\",\"position\":4,\"name\":\"Cr\u00e9er une carte de visite virtuelle (ou vCard)\"}]},{\"@type\":\"WebSite\",\"@id\":\"http:\/\/www.valtechnologie.com\/wp\/#website\",\"url\":\"http:\/\/www.valtechnologie.com\/wp\/\",\"name\":\"Val Technologie\",\"description\":\"Votre partenaire en technologie de l&#039;informatique\",\"potentialAction\":[{\"@type\":\"SearchAction\",\"target\":{\"@type\":\"EntryPoint\",\"urlTemplate\":\"http:\/\/www.valtechnologie.com\/wp\/?s={search_term_string}\"},\"query-input\":\"required name=search_term_string\"}],\"inLanguage\":\"fr-FR\"}]}<\/script>\n<!-- \/ Yoast SEO plugin. -->","yoast_head_json":{"title":"Cr\u00e9er une carte de visite virtuelle (ou vCard) - Val Technologie","robots":{"index":"index","follow":"follow","max-snippet":"max-snippet:-1","max-image-preview":"max-image-preview:large","max-video-preview":"max-video-preview:-1"},"canonical":"https:\/\/www.valtechnologie.com\/wp\/nos-services\/support\/creer-une-carte-de-visite-virtuelle-ou-vcard\/","og_locale":"fr_FR","og_type":"article","og_title":"Cr\u00e9er une carte de visite virtuelle (ou vCard) - Val Technologie","og_description":"Les cartes de visite virtuelles sont de plus en plus souvent utilis\u00e9es lors de l&rsquo;\u00e9change d&rsquo;e-mails car elle permettent d&rsquo;enregistrer tr\u00e8s rapidement un nouveau contact sans se tromper sur le nom, l&rsquo;adresse e-mail ou le num\u00e9ro de t\u00e9l\u00e9phone. Voyez comment &hellip; Lire la suite &rarr;","og_url":"https:\/\/www.valtechnologie.com\/wp\/nos-services\/support\/creer-une-carte-de-visite-virtuelle-ou-vcard\/","og_site_name":"Val Technologie","article_modified_time":"2015-08-07T19:01:01+00:00","og_image":[{"width":307,"height":78,"url":"https:\/\/www.valtechnologie.com\/wp\/wp-content\/uploads\/2011\/09\/valtechnologie2.gif","type":"image\/gif"}],"twitter_misc":{"Dur\u00e9e de lecture estim\u00e9e":"2 minutes"},"schema":{"@context":"https:\/\/schema.org","@graph":[{"@type":"WebPage","@id":"https:\/\/www.valtechnologie.com\/wp\/nos-services\/support\/creer-une-carte-de-visite-virtuelle-ou-vcard\/","url":"https:\/\/www.valtechnologie.com\/wp\/nos-services\/support\/creer-une-carte-de-visite-virtuelle-ou-vcard\/","name":"Cr\u00e9er une carte de visite virtuelle (ou vCard) - Val Technologie","isPartOf":{"@id":"http:\/\/www.valtechnologie.com\/wp\/#website"},"datePublished":"2015-08-07T18:46:02+00:00","dateModified":"2015-08-07T19:01:01+00:00","breadcrumb":{"@id":"https:\/\/www.valtechnologie.com\/wp\/nos-services\/support\/creer-une-carte-de-visite-virtuelle-ou-vcard\/#breadcrumb"},"inLanguage":"fr-FR","potentialAction":[{"@type":"ReadAction","target":["https:\/\/www.valtechnologie.com\/wp\/nos-services\/support\/creer-une-carte-de-visite-virtuelle-ou-vcard\/"]}]},{"@type":"BreadcrumbList","@id":"https:\/\/www.valtechnologie.com\/wp\/nos-services\/support\/creer-une-carte-de-visite-virtuelle-ou-vcard\/#breadcrumb","itemListElement":[{"@type":"ListItem","position":1,"name":"Accueil","item":"http:\/\/www.valtechnologie.com\/wp\/"},{"@type":"ListItem","position":2,"name":"Nos Services","item":"https:\/\/www.valtechnologie.com\/wp\/nos-services\/"},{"@type":"ListItem","position":3,"name":"Support","item":"https:\/\/www.valtechnologie.com\/wp\/nos-services\/support\/"},{"@type":"ListItem","position":4,"name":"Cr\u00e9er une carte de visite virtuelle (ou vCard)"}]},{"@type":"WebSite","@id":"http:\/\/www.valtechnologie.com\/wp\/#website","url":"http:\/\/www.valtechnologie.com\/wp\/","name":"Val Technologie","description":"Votre partenaire en technologie de l&#039;informatique","potentialAction":[{"@type":"SearchAction","target":{"@type":"EntryPoint","urlTemplate":"http:\/\/www.valtechnologie.com\/wp\/?s={search_term_string}"},"query-input":"required name=search_term_string"}],"inLanguage":"fr-FR"}]}},"_links":{"self":[{"href":"https:\/\/www.valtechnologie.com\/wp\/wp-json\/wp\/v2\/pages\/1086"}],"collection":[{"href":"https:\/\/www.valtechnologie.com\/wp\/wp-json\/wp\/v2\/pages"}],"about":[{"href":"https:\/\/www.valtechnologie.com\/wp\/wp-json\/wp\/v2\/types\/page"}],"author":[{"embeddable":true,"href":"https:\/\/www.valtechnologie.com\/wp\/wp-json\/wp\/v2\/users\/6"}],"replies":[{"embeddable":true,"href":"https:\/\/www.valtechnologie.com\/wp\/wp-json\/wp\/v2\/comments?post=1086"}],"version-history":[{"count":0,"href":"https:\/\/www.valtechnologie.com\/wp\/wp-json\/wp\/v2\/pages\/1086\/revisions"}],"up":[{"embeddable":true,"href":"https:\/\/www.valtechnologie.com\/wp\/wp-json\/wp\/v2\/pages\/67"}],"wp:attachment":[{"href":"https:\/\/www.valtechnologie.com\/wp\/wp-json\/wp\/v2\/media?parent=1086"}],"curies":[{"name":"wp","href":"https:\/\/api.w.org\/{rel}","templated":true}]}}